{"id":20,"date":"2022-03-03T22:40:55","date_gmt":"2022-03-03T21:40:55","guid":{"rendered":"https:\/\/buero-insel-wartberg.at\/?page_id=20"},"modified":"2022-03-03T23:20:20","modified_gmt":"2022-03-03T22:20:20","slug":"beschreibung-und-eindruecke","status":"publish","type":"page","link":"https:\/\/buero-insel-wartberg.at\/?page_id=20","title":{"rendered":"Beschreibung und Eindr\u00fccke"},"content":{"rendered":"\n<figure class=\"wp-block-image size-large\"><img loading=\"lazy\" decoding=\"async\" width=\"1024\" height=\"683\" src=\"https:\/\/buero-insel-wartberg.at\/wp-content\/uploads\/2022\/03\/biw_14-1024x683.jpg\" alt=\"\" class=\"wp-image-50\" srcset=\"https:\/\/buero-insel-wartberg.at\/wp-content\/uploads\/2022\/03\/biw_14-1024x683.jpg 1024w, https:\/\/buero-insel-wartberg.at\/wp-content\/uploads\/2022\/03\/biw_14-300x200.jpg 300w, https:\/\/buero-insel-wartberg.at\/wp-content\/uploads\/2022\/03\/biw_14-768x512.jpg 768w, https:\/\/buero-insel-wartberg.at\/wp-content\/uploads\/2022\/03\/biw_14-1536x1024.jpg 1536w, https:\/\/buero-insel-wartberg.at\/wp-content\/uploads\/2022\/03\/biw_14-2048x1365.jpg 2048w, https:\/\/buero-insel-wartberg.at\/wp-content\/uploads\/2022\/03\/biw_14-1568x1045.jpg 1568w\" sizes=\"auto, (max-width: 1024px) 100vw, 1024px\" \/><\/figure>\n\n\n\n<p>Der Eingang zum Co-Working-Space befindet sich stra\u00dfenseitig im Erdgeschoss. Hier werden allen Nutzern ein ger\u00e4umiger und gro\u00dfz\u00fcgiger Empfangsbereich geboten. Direkt angeschlossen befindest sich ein B\u00fcroraum mit Schaufenster.<\/p>\n\n\n\n<p>\u00dcber die repr\u00e4sentative Stiege gelangt man in das Obergeschoss mit dem zentralen Foyer. Hier befinden sich insgesamt 5 B\u00fcror\u00e4ume ab ca. 15 m\u00b2 bis ca. 23 m\u00b2 Nutzfl\u00e4che.<br>Diese R\u00e4umlichkeiten k\u00f6nnen flexibel entsprechend Ihrem Bedarf genutzt und kombiniert werden und werden dementsprechend m\u00f6bliert \u00fcbergeben. Weiters stehen eine Teek\u00fcche, ein Serverraum sowie entsprechende Sanit\u00e4rr\u00e4umlichkeiten zur Verf\u00fcgung.<\/p>\n\n\n\n<p>Die B\u00fcror\u00e4ume sind bestens mit Rauml\u00fcftung und K\u00fchlung, Beheizung mittels W\u00e4rmepumpe und Fu\u00dfbodenheizung, Teppichbel\u00e4gen, voll funktionst\u00fcchtiger IT-Infrastruktur ausgestattet und mit neuwertigen B\u00fcrom\u00f6beln m\u00f6bliert.<br>Das Highlight ist die gro\u00dfz\u00fcgige, sonnige, nach S\u00fcden ausgerichtete Dachterrasse mit einem Ausblick in die Bergwelt der Pyhrn-Eisenwurzen.<\/p>\n\n\n\n<figure class=\"wp-block-gallery has-nested-images columns-default is-cropped wp-block-gallery-1 is-layout-flex wp-block-gallery-is-layout-flex\">\n<figure class=\"wp-block-image size-large\"><img loading=\"lazy\" decoding=\"async\" width=\"2560\" height=\"1707\" data-id=\"51\" src=\"https:\/\/buero-insel-wartberg.at\/wp-content\/uploads\/2022\/03\/biw_15-scaled.jpg\" alt=\"\" class=\"wp-image-51\" srcset=\"https:\/\/buero-insel-wartberg.at\/wp-content\/uploads\/2022\/03\/biw_15-scaled.jpg 2560w, https:\/\/buero-insel-wartberg.at\/wp-content\/uploads\/2022\/03\/biw_15-300x200.jpg 300w, https:\/\/buero-insel-wartberg.at\/wp-content\/uploads\/2022\/03\/biw_15-1024x683.jpg 1024w, https:\/\/buero-insel-wartberg.at\/wp-content\/uploads\/2022\/03\/biw_15-768x512.jpg 768w, https:\/\/buero-insel-wartberg.at\/wp-content\/uploads\/2022\/03\/biw_15-1536x1024.jpg 1536w, https:\/\/buero-insel-wartberg.at\/wp-content\/uploads\/2022\/03\/biw_15-2048x1365.jpg 2048w, https:\/\/buero-insel-wartberg.at\/wp-content\/uploads\/2022\/03\/biw_15-1568x1045.jpg 1568w\" sizes=\"auto, (max-width: 2560px) 100vw, 2560px\" \/><\/figure>\n\n\n\n<figure class=\"wp-block-image size-large\"><img loading=\"lazy\" decoding=\"async\" width=\"2560\" height=\"1707\" data-id=\"52\" src=\"https:\/\/buero-insel-wartberg.at\/wp-content\/uploads\/2022\/03\/biw_2-scaled.jpg\" alt=\"\" class=\"wp-image-52\" srcset=\"https:\/\/buero-insel-wartberg.at\/wp-content\/uploads\/2022\/03\/biw_2-scaled.jpg 2560w, https:\/\/buero-insel-wartberg.at\/wp-content\/uploads\/2022\/03\/biw_2-300x200.jpg 300w, https:\/\/buero-insel-wartberg.at\/wp-content\/uploads\/2022\/03\/biw_2-1024x683.jpg 1024w, https:\/\/buero-insel-wartberg.at\/wp-content\/uploads\/2022\/03\/biw_2-768x512.jpg 768w, https:\/\/buero-insel-wartberg.at\/wp-content\/uploads\/2022\/03\/biw_2-1536x1024.jpg 1536w, https:\/\/buero-insel-wartberg.at\/wp-content\/uploads\/2022\/03\/biw_2-2048x1365.jpg 2048w, https:\/\/buero-insel-wartberg.at\/wp-content\/uploads\/2022\/03\/biw_2-1568x1045.jpg 1568w\" sizes=\"auto, (max-width: 2560px) 100vw, 2560px\" \/><\/figure>\n\n\n\n<figure class=\"wp-block-image size-large\"><img loading=\"lazy\" decoding=\"async\" width=\"2560\" height=\"1707\" data-id=\"50\" src=\"https:\/\/buero-insel-wartberg.at\/wp-content\/uploads\/2022\/03\/biw_14-scaled.jpg\" alt=\"\" class=\"wp-image-50\" srcset=\"https:\/\/buero-insel-wartberg.at\/wp-content\/uploads\/2022\/03\/biw_14-scaled.jpg 2560w, https:\/\/buero-insel-wartberg.at\/wp-content\/uploads\/2022\/03\/biw_14-300x200.jpg 300w, https:\/\/buero-insel-wartberg.at\/wp-content\/uploads\/2022\/03\/biw_14-1024x683.jpg 1024w, https:\/\/buero-insel-wartberg.at\/wp-content\/uploads\/2022\/03\/biw_14-768x512.jpg 768w, https:\/\/buero-insel-wartberg.at\/wp-content\/uploads\/2022\/03\/biw_14-1536x1024.jpg 1536w, https:\/\/buero-insel-wartberg.at\/wp-content\/uploads\/2022\/03\/biw_14-2048x1365.jpg 2048w, https:\/\/buero-insel-wartberg.at\/wp-content\/uploads\/2022\/03\/biw_14-1568x1045.jpg 1568w\" sizes=\"auto, (max-width: 2560px) 100vw, 2560px\" \/><\/figure>\n\n\n\n<figure class=\"wp-block-image size-large\"><img loading=\"lazy\" decoding=\"async\" width=\"2560\" height=\"1707\" data-id=\"49\" src=\"https:\/\/buero-insel-wartberg.at\/wp-content\/uploads\/2022\/03\/biw_13-scaled.jpg\" alt=\"\" class=\"wp-image-49\" srcset=\"https:\/\/buero-insel-wartberg.at\/wp-content\/uploads\/2022\/03\/biw_13-scaled.jpg 2560w, https:\/\/buero-insel-wartberg.at\/wp-content\/uploads\/2022\/03\/biw_13-300x200.jpg 300w, https:\/\/buero-insel-wartberg.at\/wp-content\/uploads\/2022\/03\/biw_13-1024x683.jpg 1024w, https:\/\/buero-insel-wartberg.at\/wp-content\/uploads\/2022\/03\/biw_13-768x512.jpg 768w, https:\/\/buero-insel-wartberg.at\/wp-content\/uploads\/2022\/03\/biw_13-1536x1024.jpg 1536w, https:\/\/buero-insel-wartberg.at\/wp-content\/uploads\/2022\/03\/biw_13-2048x1365.jpg 2048w, https:\/\/buero-insel-wartberg.at\/wp-content\/uploads\/2022\/03\/biw_13-1568x1045.jpg 1568w\" sizes=\"auto, (max-width: 2560px) 100vw, 2560px\" \/><\/figure>\n\n\n\n<figure class=\"wp-block-image size-large\"><img loading=\"lazy\" decoding=\"async\" width=\"2560\" height=\"1707\" data-id=\"48\" src=\"https:\/\/buero-insel-wartberg.at\/wp-content\/uploads\/2022\/03\/biw_12-scaled.jpg\" alt=\"\" class=\"wp-image-48\" srcset=\"https:\/\/buero-insel-wartberg.at\/wp-content\/uploads\/2022\/03\/biw_12-scaled.jpg 2560w, https:\/\/buero-insel-wartberg.at\/wp-content\/uploads\/2022\/03\/biw_12-300x200.jpg 300w, https:\/\/buero-insel-wartberg.at\/wp-content\/uploads\/2022\/03\/biw_12-1024x683.jpg 1024w, https:\/\/buero-insel-wartberg.at\/wp-content\/uploads\/2022\/03\/biw_12-768x512.jpg 768w, https:\/\/buero-insel-wartberg.at\/wp-content\/uploads\/2022\/03\/biw_12-1536x1024.jpg 1536w, https:\/\/buero-insel-wartberg.at\/wp-content\/uploads\/2022\/03\/biw_12-2048x1365.jpg 2048w, https:\/\/buero-insel-wartberg.at\/wp-content\/uploads\/2022\/03\/biw_12-1568x1045.jpg 1568w\" sizes=\"auto, (max-width: 2560px) 100vw, 2560px\" \/><\/figure>\n\n\n\n<figure class=\"wp-block-image size-large\"><img loading=\"lazy\" decoding=\"async\" width=\"2560\" height=\"1707\" data-id=\"47\" src=\"https:\/\/buero-insel-wartberg.at\/wp-content\/uploads\/2022\/03\/biw_11-scaled.jpg\" alt=\"\" class=\"wp-image-47\" srcset=\"https:\/\/buero-insel-wartberg.at\/wp-content\/uploads\/2022\/03\/biw_11-scaled.jpg 2560w, https:\/\/buero-insel-wartberg.at\/wp-content\/uploads\/2022\/03\/biw_11-300x200.jpg 300w, https:\/\/buero-insel-wartberg.at\/wp-content\/uploads\/2022\/03\/biw_11-1024x683.jpg 1024w, https:\/\/buero-insel-wartberg.at\/wp-content\/uploads\/2022\/03\/biw_11-768x512.jpg 768w, https:\/\/buero-insel-wartberg.at\/wp-content\/uploads\/2022\/03\/biw_11-1536x1024.jpg 1536w, https:\/\/buero-insel-wartberg.at\/wp-content\/uploads\/2022\/03\/biw_11-2048x1365.jpg 2048w, https:\/\/buero-insel-wartberg.at\/wp-content\/uploads\/2022\/03\/biw_11-1568x1045.jpg 1568w\" sizes=\"auto, (max-width: 2560px) 100vw, 2560px\" \/><\/figure>\n\n\n\n<figure class=\"wp-block-image size-large\"><img loading=\"lazy\" decoding=\"async\" width=\"2560\" height=\"1707\" data-id=\"46\" src=\"https:\/\/buero-insel-wartberg.at\/wp-content\/uploads\/2022\/03\/biw_10-scaled.jpg\" alt=\"\" class=\"wp-image-46\" srcset=\"https:\/\/buero-insel-wartberg.at\/wp-content\/uploads\/2022\/03\/biw_10-scaled.jpg 2560w, https:\/\/buero-insel-wartberg.at\/wp-content\/uploads\/2022\/03\/biw_10-300x200.jpg 300w, https:\/\/buero-insel-wartberg.at\/wp-content\/uploads\/2022\/03\/biw_10-1024x683.jpg 1024w, https:\/\/buero-insel-wartberg.at\/wp-content\/uploads\/2022\/03\/biw_10-768x512.jpg 768w, https:\/\/buero-insel-wartberg.at\/wp-content\/uploads\/2022\/03\/biw_10-1536x1024.jpg 1536w, https:\/\/buero-insel-wartberg.at\/wp-content\/uploads\/2022\/03\/biw_10-2048x1365.jpg 2048w, https:\/\/buero-insel-wartberg.at\/wp-content\/uploads\/2022\/03\/biw_10-1568x1045.jpg 1568w\" sizes=\"auto, (max-width: 2560px) 100vw, 2560px\" \/><\/figure>\n\n\n\n<figure class=\"wp-block-image size-large\"><img loading=\"lazy\" decoding=\"async\" width=\"2560\" height=\"1707\" data-id=\"45\" src=\"https:\/\/buero-insel-wartberg.at\/wp-content\/uploads\/2022\/03\/biw_9-scaled.jpg\" alt=\"\" class=\"wp-image-45\" srcset=\"https:\/\/buero-insel-wartberg.at\/wp-content\/uploads\/2022\/03\/biw_9-scaled.jpg 2560w, https:\/\/buero-insel-wartberg.at\/wp-content\/uploads\/2022\/03\/biw_9-300x200.jpg 300w, https:\/\/buero-insel-wartberg.at\/wp-content\/uploads\/2022\/03\/biw_9-1024x683.jpg 1024w, https:\/\/buero-insel-wartberg.at\/wp-content\/uploads\/2022\/03\/biw_9-768x512.jpg 768w, https:\/\/buero-insel-wartberg.at\/wp-content\/uploads\/2022\/03\/biw_9-1536x1024.jpg 1536w, https:\/\/buero-insel-wartberg.at\/wp-content\/uploads\/2022\/03\/biw_9-2048x1365.jpg 2048w, https:\/\/buero-insel-wartberg.at\/wp-content\/uploads\/2022\/03\/biw_9-1568x1045.jpg 1568w\" sizes=\"auto, (max-width: 2560px) 100vw, 2560px\" \/><\/figure>\n\n\n\n<figure class=\"wp-block-image size-large\"><img loading=\"lazy\" decoding=\"async\" width=\"2560\" height=\"1707\" data-id=\"44\" src=\"https:\/\/buero-insel-wartberg.at\/wp-content\/uploads\/2022\/03\/biw_8-scaled.jpg\" alt=\"\" class=\"wp-image-44\" srcset=\"https:\/\/buero-insel-wartberg.at\/wp-content\/uploads\/2022\/03\/biw_8-scaled.jpg 2560w, https:\/\/buero-insel-wartberg.at\/wp-content\/uploads\/2022\/03\/biw_8-300x200.jpg 300w, https:\/\/buero-insel-wartberg.at\/wp-content\/uploads\/2022\/03\/biw_8-1024x683.jpg 1024w, https:\/\/buero-insel-wartberg.at\/wp-content\/uploads\/2022\/03\/biw_8-768x512.jpg 768w, https:\/\/buero-insel-wartberg.at\/wp-content\/uploads\/2022\/03\/biw_8-1536x1024.jpg 1536w, https:\/\/buero-insel-wartberg.at\/wp-content\/uploads\/2022\/03\/biw_8-2048x1365.jpg 2048w, https:\/\/buero-insel-wartberg.at\/wp-content\/uploads\/2022\/03\/biw_8-1568x1045.jpg 1568w\" sizes=\"auto, (max-width: 2560px) 100vw, 2560px\" \/><\/figure>\n\n\n\n<figure class=\"wp-block-image size-large\"><img loading=\"lazy\" decoding=\"async\" width=\"2560\" height=\"1707\" data-id=\"43\" src=\"https:\/\/buero-insel-wartberg.at\/wp-content\/uploads\/2022\/03\/biw_7-scaled.jpg\" alt=\"\" class=\"wp-image-43\" srcset=\"https:\/\/buero-insel-wartberg.at\/wp-content\/uploads\/2022\/03\/biw_7-scaled.jpg 2560w, https:\/\/buero-insel-wartberg.at\/wp-content\/uploads\/2022\/03\/biw_7-300x200.jpg 300w, https:\/\/buero-insel-wartberg.at\/wp-content\/uploads\/2022\/03\/biw_7-1024x683.jpg 1024w, https:\/\/buero-insel-wartberg.at\/wp-content\/uploads\/2022\/03\/biw_7-768x512.jpg 768w, https:\/\/buero-insel-wartberg.at\/wp-content\/uploads\/2022\/03\/biw_7-1536x1024.jpg 1536w, https:\/\/buero-insel-wartberg.at\/wp-content\/uploads\/2022\/03\/biw_7-2048x1365.jpg 2048w, https:\/\/buero-insel-wartberg.at\/wp-content\/uploads\/2022\/03\/biw_7-1568x1045.jpg 1568w\" sizes=\"auto, (max-width: 2560px) 100vw, 2560px\" \/><\/figure>\n\n\n\n<figure class=\"wp-block-image size-large\"><img loading=\"lazy\" decoding=\"async\" width=\"2560\" height=\"1707\" data-id=\"42\" src=\"https:\/\/buero-insel-wartberg.at\/wp-content\/uploads\/2022\/03\/biw_6-scaled.jpg\" alt=\"\" class=\"wp-image-42\" srcset=\"https:\/\/buero-insel-wartberg.at\/wp-content\/uploads\/2022\/03\/biw_6-scaled.jpg 2560w, https:\/\/buero-insel-wartberg.at\/wp-content\/uploads\/2022\/03\/biw_6-300x200.jpg 300w, https:\/\/buero-insel-wartberg.at\/wp-content\/uploads\/2022\/03\/biw_6-1024x683.jpg 1024w, https:\/\/buero-insel-wartberg.at\/wp-content\/uploads\/2022\/03\/biw_6-768x512.jpg 768w, https:\/\/buero-insel-wartberg.at\/wp-content\/uploads\/2022\/03\/biw_6-1536x1024.jpg 1536w, https:\/\/buero-insel-wartberg.at\/wp-content\/uploads\/2022\/03\/biw_6-2048x1365.jpg 2048w, https:\/\/buero-insel-wartberg.at\/wp-content\/uploads\/2022\/03\/biw_6-1568x1045.jpg 1568w\" sizes=\"auto, (max-width: 2560px) 100vw, 2560px\" \/><\/figure>\n\n\n\n<figure class=\"wp-block-image size-large\"><img loading=\"lazy\" decoding=\"async\" width=\"2560\" height=\"1707\" data-id=\"41\" src=\"https:\/\/buero-insel-wartberg.at\/wp-content\/uploads\/2022\/03\/biw_5-scaled.jpg\" alt=\"\" class=\"wp-image-41\" srcset=\"https:\/\/buero-insel-wartberg.at\/wp-content\/uploads\/2022\/03\/biw_5-scaled.jpg 2560w, https:\/\/buero-insel-wartberg.at\/wp-content\/uploads\/2022\/03\/biw_5-300x200.jpg 300w, https:\/\/buero-insel-wartberg.at\/wp-content\/uploads\/2022\/03\/biw_5-1024x683.jpg 1024w, https:\/\/buero-insel-wartberg.at\/wp-content\/uploads\/2022\/03\/biw_5-768x512.jpg 768w, https:\/\/buero-insel-wartberg.at\/wp-content\/uploads\/2022\/03\/biw_5-1536x1024.jpg 1536w, https:\/\/buero-insel-wartberg.at\/wp-content\/uploads\/2022\/03\/biw_5-2048x1365.jpg 2048w, https:\/\/buero-insel-wartberg.at\/wp-content\/uploads\/2022\/03\/biw_5-1568x1045.jpg 1568w\" sizes=\"auto, (max-width: 2560px) 100vw, 2560px\" \/><\/figure>\n\n\n\n<figure class=\"wp-block-image size-large\"><img loading=\"lazy\" decoding=\"async\" width=\"2560\" height=\"1707\" data-id=\"40\" src=\"https:\/\/buero-insel-wartberg.at\/wp-content\/uploads\/2022\/03\/biw_4-scaled.jpg\" alt=\"\" class=\"wp-image-40\" srcset=\"https:\/\/buero-insel-wartberg.at\/wp-content\/uploads\/2022\/03\/biw_4-scaled.jpg 2560w, https:\/\/buero-insel-wartberg.at\/wp-content\/uploads\/2022\/03\/biw_4-300x200.jpg 300w, https:\/\/buero-insel-wartberg.at\/wp-content\/uploads\/2022\/03\/biw_4-1024x683.jpg 1024w, https:\/\/buero-insel-wartberg.at\/wp-content\/uploads\/2022\/03\/biw_4-768x512.jpg 768w, https:\/\/buero-insel-wartberg.at\/wp-content\/uploads\/2022\/03\/biw_4-1536x1024.jpg 1536w, https:\/\/buero-insel-wartberg.at\/wp-content\/uploads\/2022\/03\/biw_4-2048x1365.jpg 2048w, https:\/\/buero-insel-wartberg.at\/wp-content\/uploads\/2022\/03\/biw_4-1568x1045.jpg 1568w\" sizes=\"auto, (max-width: 2560px) 100vw, 2560px\" \/><\/figure>\n\n\n\n<figure class=\"wp-block-image size-large\"><img loading=\"lazy\" decoding=\"async\" width=\"2560\" height=\"1707\" data-id=\"39\" src=\"https:\/\/buero-insel-wartberg.at\/wp-content\/uploads\/2022\/03\/biw_3-scaled.jpg\" alt=\"\" class=\"wp-image-39\" srcset=\"https:\/\/buero-insel-wartberg.at\/wp-content\/uploads\/2022\/03\/biw_3-scaled.jpg 2560w, https:\/\/buero-insel-wartberg.at\/wp-content\/uploads\/2022\/03\/biw_3-300x200.jpg 300w, https:\/\/buero-insel-wartberg.at\/wp-content\/uploads\/2022\/03\/biw_3-1024x683.jpg 1024w, https:\/\/buero-insel-wartberg.at\/wp-content\/uploads\/2022\/03\/biw_3-768x512.jpg 768w, https:\/\/buero-insel-wartberg.at\/wp-content\/uploads\/2022\/03\/biw_3-1536x1024.jpg 1536w, https:\/\/buero-insel-wartberg.at\/wp-content\/uploads\/2022\/03\/biw_3-2048x1365.jpg 2048w, https:\/\/buero-insel-wartberg.at\/wp-content\/uploads\/2022\/03\/biw_3-1568x1045.jpg 1568w\" sizes=\"auto, (max-width: 2560px) 100vw, 2560px\" \/><\/figure>\n<\/figure>\n\n\n\n<p>Mit Dank an Grassegger GmbH, Micheldorf, <a href=\"https:\/\/www.remax.at\/de\/ib\/remax-kirchdorf-micheldorf\" target=\"_blank\" rel=\"noreferrer noopener\">www.remax-kirchdorf.at<\/a> f\u00fcr Bildmaterial.<\/p>\n\n\n\n<p>Flexibel entsprechend Ihrem Bedarf ist jede andere Nutzung ebenfalls vorstellbar: ein B\u00fcroraum mit mehreren Arbeitspl\u00e4tzen oder mehrere B\u00fcror\u00e4ume kombiniert, ab Beginn oder zur sp\u00e4teren Erweiterung \u2013 Sie sind der Ma\u00dfstab.<\/p>\n","protected":false},"excerpt":{"rendered":"<p>Der Eingang zum Co-Working-Space befindet sich stra\u00dfenseitig im Erdgeschoss. Hier werden allen Nutzern ein ger\u00e4umiger und gro\u00dfz\u00fcgiger Empfangsbereich geboten. Direkt angeschlossen befindest sich ein B\u00fcroraum mit Schaufenster. \u00dcber die repr\u00e4sentative Stiege gelangt man in das Obergeschoss mit dem zentralen Foyer. Hier befinden sich insgesamt 5 B\u00fcror\u00e4ume ab ca. 15 m\u00b2 bis ca. 23 m\u00b2 Nutzfl\u00e4che.Diese&hellip; <a class=\"more-link\" href=\"https:\/\/buero-insel-wartberg.at\/?page_id=20\">Continue reading <span class=\"screen-reader-text\">Beschreibung und Eindr\u00fccke<\/span><\/a><\/p>\n","protected":false},"author":1,"featured_media":0,"parent":0,"menu_order":0,"comment_status":"closed","ping_status":"closed","template":"","meta":{"footnotes":""},"class_list":["post-20","page","type-page","status-publish","hentry","entry"],"_links":{"self":[{"href":"https:\/\/buero-insel-wartberg.at\/index.php?rest_route=\/wp\/v2\/pages\/20","targetHints":{"allow":["GET"]}}],"collection":[{"href":"https:\/\/buero-insel-wartberg.at\/index.php?rest_route=\/wp\/v2\/pages"}],"about":[{"href":"https:\/\/buero-insel-wartberg.at\/index.php?rest_route=\/wp\/v2\/types\/page"}],"author":[{"embeddable":true,"href":"https:\/\/buero-insel-wartberg.at\/index.php?rest_route=\/wp\/v2\/users\/1"}],"replies":[{"embeddable":true,"href":"https:\/\/buero-insel-wartberg.at\/index.php?rest_route=%2Fwp%2Fv2%2Fcomments&post=20"}],"version-history":[{"count":5,"href":"https:\/\/buero-insel-wartberg.at\/index.php?rest_route=\/wp\/v2\/pages\/20\/revisions"}],"predecessor-version":[{"id":59,"href":"https:\/\/buero-insel-wartberg.at\/index.php?rest_route=\/wp\/v2\/pages\/20\/revisions\/59"}],"wp:attachment":[{"href":"https:\/\/buero-insel-wartberg.at\/index.php?rest_route=%2Fwp%2Fv2%2Fmedia&parent=20"}],"curies":[{"name":"wp","href":"https:\/\/api.w.org\/{rel}","templated":true}]}}