{"id":22,"date":"2022-03-03T22:41:36","date_gmt":"2022-03-03T21:41:36","guid":{"rendered":"https:\/\/buero-insel-wartberg.at\/?page_id=22"},"modified":"2022-03-20T13:16:08","modified_gmt":"2022-03-20T12:16:08","slug":"angebote","status":"publish","type":"page","link":"https:\/\/buero-insel-wartberg.at\/?page_id=22","title":{"rendered":"Angebote"},"content":{"rendered":"\n<figure class=\"wp-block-image size-large\"><img loading=\"lazy\" decoding=\"async\" width=\"1024\" height=\"575\" src=\"https:\/\/buero-insel-wartberg.at\/wp-content\/uploads\/2022\/03\/angebote_mondsee-1024x575.jpg\" alt=\"\" class=\"wp-image-61\" srcset=\"https:\/\/buero-insel-wartberg.at\/wp-content\/uploads\/2022\/03\/angebote_mondsee-1024x575.jpg 1024w, https:\/\/buero-insel-wartberg.at\/wp-content\/uploads\/2022\/03\/angebote_mondsee-300x169.jpg 300w, https:\/\/buero-insel-wartberg.at\/wp-content\/uploads\/2022\/03\/angebote_mondsee-768x431.jpg 768w, https:\/\/buero-insel-wartberg.at\/wp-content\/uploads\/2022\/03\/angebote_mondsee-1536x863.jpg 1536w, https:\/\/buero-insel-wartberg.at\/wp-content\/uploads\/2022\/03\/angebote_mondsee-2048x1150.jpg 2048w, https:\/\/buero-insel-wartberg.at\/wp-content\/uploads\/2022\/03\/angebote_mondsee-1568x881.jpg 1568w\" sizes=\"auto, (max-width: 1024px) 100vw, 1024px\" \/><\/figure>\n\n\n\n<p>Die angef\u00fchrten Kosten gelten als pauschales Nutzungsentgelt f\u00fcr einen m\u00f6blierten Arbeitsplatz in einem entsprechend m\u00f6blierten B\u00fcroraum.<br>Darin enthalten sind s\u00e4mtliche Betriebskosten wie Wasser- und Kanalgeb\u00fchren, anteilige Geb\u00e4udeversicherung, Grundsteuer und Verwaltungskosten, Sommer- und Winterdienst, Reinigung der Allgemeinfl\u00e4chen und auch der B\u00fcror\u00e4ume sowie s\u00e4mtlicher weiteren allgemeinen Aufwendungen, weiters die Kosten der Raumheizung, K\u00fchlung und L\u00fcftung sowie s\u00e4mtliche weiteren Nebenkosten wie Strom und Daten\u00fcbertragung.<\/p>\n\n\n\n<p>Ebenso flexibel ist die Mietdauer \u2013 es wiederholt sich \u2013 genau nach Ihrem Bedarf.<br>Beziehbar sind die R\u00e4umlichkeiten je nach Ausstattung kurzfristig nach Vereinbarung &#8211; Das alles bietet der Co-Working-Space im Herzen von Wartberg &#8211; ob flexibler Platz f\u00fcr Ihr wachsendes Start-Up Unternehmen oder Raum f\u00fcr Ihr Home-Office &#8211; hier wird Ihnen die passende L\u00f6sung geboten.<br>Freuen Sie sich auf eine Zukunft, indem sich Ihre Mitarbeiter wohlf\u00fchlen und produktiv Ihrer Arbeit nachgehen k\u00f6nnen.<\/p>\n\n\n\n<p>Mindest-Mitdauer: 1 Jahr (Ausnahme 5. OG und Stellpl\u00e4tze)<\/p>\n\n\n\n<div class=\"wp-block-columns is-layout-flex wp-container-core-columns-is-layout-9d6595d7 wp-block-columns-is-layout-flex\">\n<div class=\"wp-block-column is-layout-flow wp-block-column-is-layout-flow\" style=\"flex-basis:100%\">\n<div class=\"wp-block-columns is-layout-flex wp-container-core-columns-is-layout-9d6595d7 wp-block-columns-is-layout-flex\">\n<div class=\"wp-block-column is-layout-flow wp-block-column-is-layout-flow\" style=\"flex-basis:100%\">\n<div class=\"wp-block-group\"><div class=\"wp-block-group__inner-container is-layout-flow wp-block-group-is-layout-flow\">\n<figure class=\"wp-block-table is-style-stripes\"><table><thead><tr><th>Raumbez.<\/th><th>Nutzfl\u00e4che<\/th><th>Arbeitspl\u00e4tze<\/th><th>Kosten <\/th><th>Anmerkung<\/th><\/tr><\/thead><tbody><tr><td>1 \/ EG<\/td><td>15<\/td><td>1<\/td><td>260,00 \/Monat<\/td><td><\/td><\/tr><tr><td>2 \/ OG<\/td><td>15<\/td><td>1<\/td><td>240,00<br>\/Monat<\/td><td>separat<\/td><\/tr><tr><td>3 \/ OG<\/td><td>19<\/td><td>1<\/td><td>290,00<br>\/Monat<\/td><td>bereits vermietet<\/td><\/tr><tr><td>4 \/ OG<\/td><td>23<\/td><td>2<\/td><td>450,00<br>\/Monat *<\/td><td><\/td><\/tr><tr><td>5 \/ OG<\/td><td>18<\/td><td>1<\/td><td>240,00 \/Monat<\/td><td>auch monatl. oder t\u00e4gl. vermietbar<\/td><\/tr><tr><td>6 \/ OG<\/td><td>18<\/td><td>2<\/td><td>450,00 \/Monat *<\/td><td><\/td><\/tr><tr><td>Einzelplatz (zeitlich flexibel) im B\u00fcro 5<\/td><td><\/td><td><\/td><td>24,00<br>\/Tag<\/td><td>nach Verf\u00fcgbarkeit<\/td><\/tr><\/tbody><\/table><figcaption>*: bei Einzelbelegung 290,00<\/figcaption><\/figure>\n<\/div><\/div>\n<\/div>\n<\/div>\n<\/div>\n<\/div>\n","protected":false},"excerpt":{"rendered":"<p>Die angef\u00fchrten Kosten gelten als pauschales Nutzungsentgelt f\u00fcr einen m\u00f6blierten Arbeitsplatz in einem entsprechend m\u00f6blierten B\u00fcroraum.Darin enthalten sind s\u00e4mtliche Betriebskosten wie Wasser- und Kanalgeb\u00fchren, anteilige Geb\u00e4udeversicherung, Grundsteuer und Verwaltungskosten, Sommer- und Winterdienst, Reinigung der Allgemeinfl\u00e4chen und auch der B\u00fcror\u00e4ume sowie s\u00e4mtlicher weiteren allgemeinen Aufwendungen, weiters die Kosten der Raumheizung, K\u00fchlung und L\u00fcftung sowie s\u00e4mtliche weiteren&hellip; <a class=\"more-link\" href=\"https:\/\/buero-insel-wartberg.at\/?page_id=22\">Continue reading <span class=\"screen-reader-text\">Angebote<\/span><\/a><\/p>\n","protected":false},"author":1,"featured_media":0,"parent":0,"menu_order":0,"comment_status":"closed","ping_status":"closed","template":"","meta":{"footnotes":""},"class_list":["post-22","page","type-page","status-publish","hentry","entry"],"_links":{"self":[{"href":"https:\/\/buero-insel-wartberg.at\/index.php?rest_route=\/wp\/v2\/pages\/22","targetHints":{"allow":["GET"]}}],"collection":[{"href":"https:\/\/buero-insel-wartberg.at\/index.php?rest_route=\/wp\/v2\/pages"}],"about":[{"href":"https:\/\/buero-insel-wartberg.at\/index.php?rest_route=\/wp\/v2\/types\/page"}],"author":[{"embeddable":true,"href":"https:\/\/buero-insel-wartberg.at\/index.php?rest_route=\/wp\/v2\/users\/1"}],"replies":[{"embeddable":true,"href":"https:\/\/buero-insel-wartberg.at\/index.php?rest_route=%2Fwp%2Fv2%2Fcomments&post=22"}],"version-history":[{"count":7,"href":"https:\/\/buero-insel-wartberg.at\/index.php?rest_route=\/wp\/v2\/pages\/22\/revisions"}],"predecessor-version":[{"id":66,"href":"https:\/\/buero-insel-wartberg.at\/index.php?rest_route=\/wp\/v2\/pages\/22\/revisions\/66"}],"wp:attachment":[{"href":"https:\/\/buero-insel-wartberg.at\/index.php?rest_route=%2Fwp%2Fv2%2Fmedia&parent=22"}],"curies":[{"name":"wp","href":"https:\/\/api.w.org\/{rel}","templated":true}]}}