{"id":5,"date":"2022-02-27T16:04:45","date_gmt":"2022-02-27T15:04:45","guid":{"rendered":"https:\/\/buero-insel-wartberg.at\/?page_id=5"},"modified":"2022-08-03T09:09:06","modified_gmt":"2022-08-03T07:09:06","slug":"buero-insel-wartberg","status":"publish","type":"page","link":"https:\/\/buero-insel-wartberg.at\/","title":{"rendered":"Idee &#038; Konzept"},"content":{"rendered":"\n<p>Willkommen!<\/p>\n\n\n\n<figure class=\"wp-block-image size-large\"><img loading=\"lazy\" decoding=\"async\" width=\"1024\" height=\"686\" src=\"https:\/\/buero-insel-wartberg.at\/wp-content\/uploads\/2022\/08\/titel_miteinander_farbig_3-1024x686.jpg\" alt=\"\" class=\"wp-image-77\" srcset=\"https:\/\/buero-insel-wartberg.at\/wp-content\/uploads\/2022\/08\/titel_miteinander_farbig_3-1024x686.jpg 1024w, https:\/\/buero-insel-wartberg.at\/wp-content\/uploads\/2022\/08\/titel_miteinander_farbig_3-300x201.jpg 300w, https:\/\/buero-insel-wartberg.at\/wp-content\/uploads\/2022\/08\/titel_miteinander_farbig_3-768x514.jpg 768w, https:\/\/buero-insel-wartberg.at\/wp-content\/uploads\/2022\/08\/titel_miteinander_farbig_3-1536x1029.jpg 1536w, https:\/\/buero-insel-wartberg.at\/wp-content\/uploads\/2022\/08\/titel_miteinander_farbig_3-2048x1371.jpg 2048w, https:\/\/buero-insel-wartberg.at\/wp-content\/uploads\/2022\/08\/titel_miteinander_farbig_3-1568x1050.jpg 1568w\" sizes=\"auto, (max-width: 1024px) 100vw, 1024px\" \/><\/figure>\n\n\n\n<p>Co-Working-Space &#8211; ihr flexibler Arbeitsplatz<\/p>\n\n\n\n<figure class=\"wp-block-image size-large is-resized\"><img loading=\"lazy\" decoding=\"async\" src=\"https:\/\/buero-insel-wartberg.at\/wp-content\/uploads\/2022\/02\/wartberg-1024x472.jpg\" alt=\"\" class=\"wp-image-12\" width=\"826\" height=\"380\" srcset=\"https:\/\/buero-insel-wartberg.at\/wp-content\/uploads\/2022\/02\/wartberg-1024x472.jpg 1024w, https:\/\/buero-insel-wartberg.at\/wp-content\/uploads\/2022\/02\/wartberg-300x138.jpg 300w, https:\/\/buero-insel-wartberg.at\/wp-content\/uploads\/2022\/02\/wartberg-768x354.jpg 768w, https:\/\/buero-insel-wartberg.at\/wp-content\/uploads\/2022\/02\/wartberg.jpg 1300w\" sizes=\"auto, (max-width: 826px) 100vw, 826px\" \/><figcaption>Wartberg a. d. Krems, Ober\u00f6sterreich (Bild: Grassegger)<\/figcaption><\/figure>\n\n\n\n<ul class=\"wp-block-list\"><li>Flexibel nutzbare B\u00fcror\u00e4umlichkeiten bestens ausgestattet samt IT-Infrastruktur<\/li><li>gesamt 6 B\u00fcror\u00e4ume ab ca. 15 m\u00b2 bis 23 m\u00b2<\/li><li>flexibel belegbar und kombinierbar<\/li><li>m\u00f6bliert entsprechend Ihrem Bedarf<\/li><li>kurzfristig beziehbar<\/li><\/ul>\n\n\n\n<p>In Zeiten wie diesen, wo nie ewartete Entwicklungen den Raum zu Hause knapp und wertvoll machen &#8211; da sind flexible L\u00f6sungen gefragt.<br>Genau f\u00fcr diesen Bedarf stehen Ihnen im Herzen von Wartberg flexible B\u00fcror\u00e4umlichkeiten voll m\u00f6bliert und kurzfristig einsatzbereit ab ca. 15 m\u00b2 Nutzfl\u00e4che zur Verf\u00fcgung.<br>Wartberg an der Krems ist eine landwirtschaftlich gepr\u00e4gte Marktgemeinde zwischen den regionalen Zentren Kirchdorf an der Krems und Kremsm\u00fcnster. Den rund 2990 Einwohner stehen etliche Arbeitspl\u00e4tze in Industrie und Gewerbe, Handel und Gastronomie in einem gesunden Umfeld zur Verf\u00fcgung.<br>Mit Gesch\u00e4ften und Gasth\u00e4usern, \u00c4rzten und Apotheken, Schulen und Kinderg\u00e4rten wird rundum auch gute Infrastruktur in l\u00e4ndlichem Umfeld geboten. In gerade einmal 10 km Entfernung gelangt man nach Kirchdorf, Kremsm\u00fcnster, Bad Hall, Pettenbach, Schlierbach oder zu den n\u00e4chsten Anschlussstellen an die Pyhrnautobahn in Inzersdorf oder in Ried im Traunkreis. Mit dem Anschluss an die Schnellbahn bestehen auch beste \u00f6ffentliche Verbindungen in den O\u00d6. Zentralraum.<br>Also rundum beste Erreichbarkeit und eine zentrale Lage im oberen Kremstal.<\/p>\n\n\n\n<p>Die Lage direkt an der Ortseinfahrt ist optimal einsehbar und werbewirksam. Das Grundst\u00fcck mit insgesamt ca. 890 m\u00b2 Grundfl\u00e4che ist rundum von \u00f6ffentlichen Stra\u00dfen umgeben.<br>Gro\u00dfteils befestigt stehen insgesamt bis zu 10 Stellpl\u00e4tze auf eigenem Grund zur Verf\u00fcgung, \u00f6ffentliche Stellpl\u00e4tze befinden sich in unmittelbarer Umgebung.<\/p>\n\n\n\n<p>Mit Dank an Grassegger GmbH, Micheldorf, <a href=\"https:\/\/www.remax.at\/de\/ib\/remax-kirchdorf-micheldorf\" target=\"_blank\" rel=\"noreferrer noopener\">www.remax-kirchdorf.at<\/a> f\u00fcr Text- und Bildmaterial.<\/p>\n","protected":false},"excerpt":{"rendered":"<p>Willkommen! Co-Working-Space &#8211; ihr flexibler Arbeitsplatz Flexibel nutzbare B\u00fcror\u00e4umlichkeiten bestens ausgestattet samt IT-Infrastruktur gesamt 6 B\u00fcror\u00e4ume ab ca. 15 m\u00b2 bis 23 m\u00b2 flexibel belegbar und kombinierbar m\u00f6bliert entsprechend Ihrem Bedarf kurzfristig beziehbar In Zeiten wie diesen, wo nie ewartete Entwicklungen den Raum zu Hause knapp und wertvoll machen &#8211; da sind flexible L\u00f6sungen gefragt.Genau&hellip; <a class=\"more-link\" href=\"https:\/\/buero-insel-wartberg.at\/\">Continue reading <span class=\"screen-reader-text\">Idee &#038; Konzept<\/span><\/a><\/p>\n","protected":false},"author":1,"featured_media":0,"parent":0,"menu_order":0,"comment_status":"closed","ping_status":"closed","template":"","meta":{"footnotes":""},"class_list":["post-5","page","type-page","status-publish","hentry","entry"],"_links":{"self":[{"href":"https:\/\/buero-insel-wartberg.at\/index.php?rest_route=\/wp\/v2\/pages\/5","targetHints":{"allow":["GET"]}}],"collection":[{"href":"https:\/\/buero-insel-wartberg.at\/index.php?rest_route=\/wp\/v2\/pages"}],"about":[{"href":"https:\/\/buero-insel-wartberg.at\/index.php?rest_route=\/wp\/v2\/types\/page"}],"author":[{"embeddable":true,"href":"https:\/\/buero-insel-wartberg.at\/index.php?rest_route=\/wp\/v2\/users\/1"}],"replies":[{"embeddable":true,"href":"https:\/\/buero-insel-wartberg.at\/index.php?rest_route=%2Fwp%2Fv2%2Fcomments&post=5"}],"version-history":[{"count":10,"href":"https:\/\/buero-insel-wartberg.at\/index.php?rest_route=\/wp\/v2\/pages\/5\/revisions"}],"predecessor-version":[{"id":78,"href":"https:\/\/buero-insel-wartberg.at\/index.php?rest_route=\/wp\/v2\/pages\/5\/revisions\/78"}],"wp:attachment":[{"href":"https:\/\/buero-insel-wartberg.at\/index.php?rest_route=%2Fwp%2Fv2%2Fmedia&parent=5"}],"curies":[{"name":"wp","href":"https:\/\/api.w.org\/{rel}","templated":true}]}}